{"id":540,"date":"2018-11-27T09:16:54","date_gmt":"2018-11-27T09:16:54","guid":{"rendered":"http:\/\/direcciondenutricion.salta.gob.ar\/?page_id=540"},"modified":"2025-05-30T13:25:11","modified_gmt":"2025-05-30T13:25:11","slug":"home-2","status":"publish","type":"page","link":"https:\/\/direcciondenutricion.salta.gob.ar\/","title":{"rendered":"Home"},"content":{"rendered":"<h3>Ministerio de Salud<\/h3>\n<h2>Direcci\u00f3n de nutrici\u00f3n y alimentaci\u00f3n saludable<\/h2>\n<p>\t\t\t\t\t\t\t\t\t\t\t\t\t\t\t<img loading=\"lazy\" decoding=\"async\" width=\"200\" height=\"154\" src=\"https:\/\/direcciondenutricion.salta.gob.ar\/wp-content\/uploads\/2018\/11\/quote-1.png\" alt=\"\" \/><br \/>\n\t\t\t\t\t\t\t&#8220;Dise\u00f1ar estrategias, planes y programas, que permitan abordar la problem\u00e1tica nutricional integralmente&#8221;<\/p>\n<h2>capacitaciones<\/h2>\n<p>En la Direcci\u00f3n de Nutrici\u00f3n contamos con una plataforma Moodle donde se realiza los cursos virtuales.\u00a0<\/p>\n<p>\t\t\t\t\t\t\t\t\t\t\t\t\t\t\t<img loading=\"lazy\" decoding=\"async\" width=\"566\" height=\"363\" src=\"https:\/\/direcciondenutricion.salta.gob.ar\/wp-content\/uploads\/2024\/02\/curso-de-extension-.png\" alt=\"\" srcset=\"https:\/\/direcciondenutricion.salta.gob.ar\/wp-content\/uploads\/2024\/02\/curso-de-extension-.png 566w, https:\/\/direcciondenutricion.salta.gob.ar\/wp-content\/uploads\/2024\/02\/curso-de-extension--300x192.png 300w\" sizes=\"auto, (max-width: 566px) 100vw, 566px\" \/>\t\t\t\t\t\t\t\t\t\t\t\t\t\t\t<\/p>\n<h5>Abordaje de la Nutrici\u00f3n y la Alimentaci\u00f3n desde la Salud Publica en la Provincia de Salta<\/h5>\n<p>\t\t\t\t\t<a href=\"http:\/\/capacitacion-snyas.salta.gob.ar\/\"><br \/>\n\t\t\t\t<svg aria-hidden=\"true\" viewBox=\"0 0 512 512\" xmlns=\"http:\/\/www.w3.org\/2000\/svg\"><path d=\"M256 504c137 0 248-111 248-248S393 8 256 8 8 119 8 256s111 248 248 248zm0-448c110.5 0 200 89.5 200 200s-89.5 200-200 200S56 366.5 56 256 145.5 56 256 56zm20 328h-40c-6.6 0-12-5.4-12-12V256h-67c-10.7 0-16-12.9-8.5-20.5l99-99c4.7-4.7 12.3-4.7 17 0l99 99c7.6 7.6 2.2 20.5-8.5 20.5h-67v116c0 6.6-5.4 12-12 12z\"><\/path><\/svg><br \/>\n\t\t\t\t\t\t\t\t\tMas Info<br \/>\n\t\t\t\t\t<\/a><br \/>\n\t\t\t\t\t\t\t\t\t\t\t\t\t\t\t<img loading=\"lazy\" decoding=\"async\" width=\"713\" height=\"696\" src=\"https:\/\/direcciondenutricion.salta.gob.ar\/wp-content\/uploads\/2024\/05\/Flyer.jpg\" alt=\"\" \/>\t\t\t\t\t\t\t\t\t\t\t\t\t\t\t<\/p>\n<h5> &#8220;Abordaje de los problemas nutricionales en ni\u00f1os y ni\u00f1as de 6 meses a 5 a\u00f1os&#8221;.<\/h5>\n<p>\nEst\u00e1 orientado a la resoluci\u00f3n de la patolog\u00eda en el \u00e1rea de la nutrici\u00f3n infantil, tanto en los problemas de d\u00e9ficit como de exceso, abordando en forma integral la problem\u00e1tica de la malnutrici\u00f3n.<\/p>\n<p>\t\t\t\t\t<a href=\"http:\/\/capacitacion-snyas.salta.gob.ar\/\"><br \/>\n\t\t\t\t<svg aria-hidden=\"true\" viewBox=\"0 0 512 512\" xmlns=\"http:\/\/www.w3.org\/2000\/svg\"><path d=\"M256 504c137 0 248-111 248-248S393 8 256 8 8 119 8 256s111 248 248 248zm0-448c110.5 0 200 89.5 200 200s-89.5 200-200 200S56 366.5 56 256 145.5 56 256 56zm20 328h-40c-6.6 0-12-5.4-12-12V256h-67c-10.7 0-16-12.9-8.5-20.5l99-99c4.7-4.7 12.3-4.7 17 0l99 99c7.6 7.6 2.2 20.5-8.5 20.5h-67v116c0 6.6-5.4 12-12 12z\"><\/path><\/svg><br \/>\n\t\t\t\t\t\t\t\t\tmas info<br \/>\n\t\t\t\t\t<\/a><\/p>\n<h2>VISI\u00d3N, MISI\u00d3N Y FUNCIONES<\/h2>\n<p>Te invitamos a conocer hacia donde apuntamos, el camino que recorremos y las funciones propuestas de nuestra organizaci\u00f3n<\/p>\n<p>\t\t\t\t\t<a href=\"http:\/\/direcciondenutricion.salta.gob.ar\/?page_id=1287\" target=\"_blank\"><br \/>\n\t\t\t\t<svg aria-hidden=\"true\" viewBox=\"0 0 448 512\" xmlns=\"http:\/\/www.w3.org\/2000\/svg\"><path d=\"M224.3 273l-136 136c-9.4 9.4-24.6 9.4-33.9 0l-22.6-22.6c-9.4-9.4-9.4-24.6 0-33.9l96.4-96.4-96.4-96.4c-9.4-9.4-9.4-24.6 0-33.9L54.3 103c9.4-9.4 24.6-9.4 33.9 0l136 136c9.5 9.4 9.5 24.6.1 34zm192-34l-136-136c-9.4-9.4-24.6-9.4-33.9 0l-22.6 22.6c-9.4 9.4-9.4 24.6 0 33.9l96.4 96.4-96.4 96.4c-9.4 9.4-9.4 24.6 0 33.9l22.6 22.6c9.4 9.4 24.6 9.4 33.9 0l136-136c9.4-9.2 9.4-24.4 0-33.8z\"><\/path><\/svg><br \/>\n\t\t\t\t\t\t\t\t\tConocenos<br \/>\n\t\t\t\t\t<\/a><\/p>\n<h2>Promoci\u00f3n<\/h2>\n<p>Texto<\/p>\n<p>\t\t\t\t\t<a href=\"#\"><br \/>\n\t\t\t\t\t\t\t\t\tLeer Mas<br \/>\n\t\t\t\t\t<\/a><br \/>\n\t\t\t\t\t\t\t\t\t\t\t\t\t\t\t<img loading=\"lazy\" decoding=\"async\" width=\"768\" height=\"1024\" src=\"https:\/\/direcciondenutricion.salta.gob.ar\/wp-content\/uploads\/2024\/03\/consultanutricion-768x1024.jpg\" alt=\"\" srcset=\"https:\/\/direcciondenutricion.salta.gob.ar\/wp-content\/uploads\/2024\/03\/consultanutricion-768x1024.jpg 768w, https:\/\/direcciondenutricion.salta.gob.ar\/wp-content\/uploads\/2024\/03\/consultanutricion-225x300.jpg 225w, https:\/\/direcciondenutricion.salta.gob.ar\/wp-content\/uploads\/2024\/03\/consultanutricion.jpg 966w\" sizes=\"auto, (max-width: 768px) 100vw, 768px\" \/><br \/>\n\t\t\t\t\t\t\t\t\t\t\t\t\t\t\t<img loading=\"lazy\" decoding=\"async\" width=\"1280\" height=\"960\" src=\"https:\/\/direcciondenutricion.salta.gob.ar\/wp-content\/uploads\/2024\/05\/promocion.jpg\" alt=\"\" srcset=\"https:\/\/direcciondenutricion.salta.gob.ar\/wp-content\/uploads\/2024\/05\/promocion.jpg 1280w, https:\/\/direcciondenutricion.salta.gob.ar\/wp-content\/uploads\/2024\/05\/promocion-300x225.jpg 300w, https:\/\/direcciondenutricion.salta.gob.ar\/wp-content\/uploads\/2024\/05\/promocion-1024x768.jpg 1024w, https:\/\/direcciondenutricion.salta.gob.ar\/wp-content\/uploads\/2024\/05\/promocion-768x576.jpg 768w\" sizes=\"auto, (max-width: 1280px) 100vw, 1280px\" \/><br \/>\n\t\t\t\t\t\t\t\t\t\t\t\t\t\t\t<img loading=\"lazy\" decoding=\"async\" width=\"1024\" height=\"768\" src=\"https:\/\/direcciondenutricion.salta.gob.ar\/wp-content\/uploads\/2024\/05\/IMG-20240502-WA0013-1024x768.jpg\" alt=\"\" srcset=\"https:\/\/direcciondenutricion.salta.gob.ar\/wp-content\/uploads\/2024\/05\/IMG-20240502-WA0013-1024x768.jpg 1024w, https:\/\/direcciondenutricion.salta.gob.ar\/wp-content\/uploads\/2024\/05\/IMG-20240502-WA0013-300x225.jpg 300w, https:\/\/direcciondenutricion.salta.gob.ar\/wp-content\/uploads\/2024\/05\/IMG-20240502-WA0013-768x576.jpg 768w, https:\/\/direcciondenutricion.salta.gob.ar\/wp-content\/uploads\/2024\/05\/IMG-20240502-WA0013.jpg 1280w\" sizes=\"auto, (max-width: 1024px) 100vw, 1024px\" \/>\t\t\t\t\t\t\t\t\t\t\t\t\t\t\t<\/p>\n<h3>CONSULTAS<\/h3>\n<form id=\"wpforms-form-1261\" data-formid=\"1261\" method=\"post\" enctype=\"multipart\/form-data\" action=\"\/wp-admin\/admin-ajax.php\" data-token=\"2e73d920b5de2ff35c5485ddd992ac03\" data-token-time=\"1748611511\"><noscript>Please enable JavaScript in your browser to complete this form.<\/noscript><label for=\"wpforms-1261-field_0\">Nombre *<\/label><input type=\"text\" id=\"wpforms-1261-field_0\" name=\"wpforms[fields][0]\" required><label for=\"wpforms-1261-field_1\">Email *<\/label><input type=\"email\" id=\"wpforms-1261-field_1\" name=\"wpforms[fields][1]\" spellcheck=\"false\" required><label for=\"wpforms-1261-field_2\">Consulta o mensaje<\/label><textarea id=\"wpforms-1261-field_2\" name=\"wpforms[fields][2]\" ><\/textarea><!-- .wpforms-field-container --><input type=\"hidden\" name=\"wpforms[id]\" value=\"1261\">\t\t\t<input\n\t\t\t\ttype=\"hidden\"\n\t\t\t\tname=\"wpforms[nonce]\"\n\t\t\t\tvalue=\"b27de1f1ec\"\n\t\t\t\/><br \/>\n\t\t\t<input type=\"hidden\" name=\"page_title\" value=\"{page_title}\"><input type=\"hidden\" name=\"page_url\" value=\"http:\/\/page_url\"><input type=\"hidden\" name=\"url_referer\" value=\"http:\/\/url_referer\"><button type=\"submit\" name=\"wpforms[submit]\" id=\"wpforms-submit-1261\" data-alt-text=\"Enviar\" data-submit-text=\"Enviar\" aria-live=\"assertive\" value=\"wpforms-submit\">Enviar<\/button><img loading=\"lazy\" decoding=\"async\" src=\"https:\/\/direcciondenutricion.salta.gob.ar\/wp-content\/plugins\/wpforms-lite\/assets\/images\/submit-spin.svg\" style=\"display: none;\" width=\"26\" height=\"26\" alt=\"Loading\"><\/form>\n<p>  <!-- .wpforms-container --><\/p>\n","protected":false},"excerpt":{"rendered":"<p>Ministerio de Salud Direcci\u00f3n de nutrici\u00f3n y alimentaci\u00f3n saludable &#8220;Dise\u00f1ar estrategias, planes y programas, que permitan abordar la problem\u00e1tica nutricional integralmente&#8221; capacitaciones En la Direcci\u00f3n de Nutrici\u00f3n contamos con una plataforma Moodle donde se realiza los cursos virtuales.\u00a0 Abordaje de la Nutrici\u00f3n y la Alimentaci\u00f3n desde la Salud Publica en la Provincia de Salta Mas [&hellip;]<\/p>\n","protected":false},"author":1,"featured_media":0,"parent":0,"menu_order":0,"comment_status":"closed","ping_status":"closed","template":"","meta":{"site-sidebar-layout":"no-sidebar","site-content-layout":"page-builder","ast-site-content-layout":"full-width-container","site-content-style":"unboxed","site-sidebar-style":"unboxed","ast-global-header-display":"","ast-banner-title-visibility":"","ast-main-header-display":"","ast-hfb-above-header-display":"","ast-hfb-below-header-display":"","ast-hfb-mobile-header-display":"","site-post-title":"disabled","ast-breadcrumbs-content":"","ast-featured-img":"disabled","footer-sml-layout":"","theme-transparent-header-meta":"enabled","adv-header-id-meta":"","stick-header-meta":"","header-above-stick-meta":"","header-main-stick-meta":"","header-below-stick-meta":"","astra-migrate-meta-layouts":"set","ast-page-background-enabled":"default","ast-page-background-meta":{"desktop":{"background-color":"","background-image":"","background-repeat":"repeat","background-position":"center center","background-size":"auto","background-attachment":"scroll","background-type":"","background-media":"","overlay-type":"","overlay-color":"","overlay-opacity":"","overlay-gradient":""},"tablet":{"background-color":"","background-image":"","background-repeat":"repeat","background-position":"center center","background-size":"auto","background-attachment":"scroll","background-type":"","background-media":"","overlay-type":"","overlay-color":"","overlay-opacity":"","overlay-gradient":""},"mobile":{"background-color":"","background-image":"","background-repeat":"repeat","background-position":"center center","background-size":"auto","background-attachment":"scroll","background-type":"","background-media":"","overlay-type":"","overlay-color":"","overlay-opacity":"","overlay-gradient":""}},"ast-content-background-meta":{"desktop":{"background-color":"var(--ast-global-color-5)","background-image":"","background-repeat":"repeat","background-position":"center center","background-size":"auto","background-attachment":"scroll","background-type":"","background-media":"","overlay-type":"","overlay-color":"","overlay-opacity":"","overlay-gradient":""},"tablet":{"background-color":"var(--ast-global-color-5)","background-image":"","background-repeat":"repeat","background-position":"center center","background-size":"auto","background-attachment":"scroll","background-type":"","background-media":"","overlay-type":"","overlay-color":"","overlay-opacity":"","overlay-gradient":""},"mobile":{"background-color":"var(--ast-global-color-5)","background-image":"","background-repeat":"repeat","background-position":"center center","background-size":"auto","background-attachment":"scroll","background-type":"","background-media":"","overlay-type":"","overlay-color":"","overlay-opacity":"","overlay-gradient":""}},"footnotes":""},"class_list":["post-540","page","type-page","status-publish","hentry"],"_links":{"self":[{"href":"https:\/\/direcciondenutricion.salta.gob.ar\/index.php?rest_route=\/wp\/v2\/pages\/540","targetHints":{"allow":["GET"]}}],"collection":[{"href":"https:\/\/direcciondenutricion.salta.gob.ar\/index.php?rest_route=\/wp\/v2\/pages"}],"about":[{"href":"https:\/\/direcciondenutricion.salta.gob.ar\/index.php?rest_route=\/wp\/v2\/types\/page"}],"author":[{"embeddable":true,"href":"https:\/\/direcciondenutricion.salta.gob.ar\/index.php?rest_route=\/wp\/v2\/users\/1"}],"replies":[{"embeddable":true,"href":"https:\/\/direcciondenutricion.salta.gob.ar\/index.php?rest_route=%2Fwp%2Fv2%2Fcomments&post=540"}],"version-history":[{"count":72,"href":"https:\/\/direcciondenutricion.salta.gob.ar\/index.php?rest_route=\/wp\/v2\/pages\/540\/revisions"}],"predecessor-version":[{"id":1441,"href":"https:\/\/direcciondenutricion.salta.gob.ar\/index.php?rest_route=\/wp\/v2\/pages\/540\/revisions\/1441"}],"wp:attachment":[{"href":"https:\/\/direcciondenutricion.salta.gob.ar\/index.php?rest_route=%2Fwp%2Fv2%2Fmedia&parent=540"}],"curies":[{"name":"wp","href":"https:\/\/api.w.org\/{rel}","templated":true}]}}