{"id":543,"date":"2024-05-06T09:17:42","date_gmt":"2024-05-06T09:17:42","guid":{"rendered":"http:\/\/direcciondenutricion.salta.gob.ar\/?page_id=543"},"modified":"2025-10-07T11:54:36","modified_gmt":"2025-10-07T11:54:36","slug":"profesionales","status":"publish","type":"page","link":"https:\/\/direcciondenutricion.salta.gob.ar\/?page_id=543","title":{"rendered":"Profesionales"},"content":{"rendered":"<h2>direcci\u00f3n de nutrici\u00f3n y alimentaci\u00f3n saludable<\/h2>\n<h6>\n\t\t\t\t\u00abLa nutrici\u00f3n no tiene que ver con el peso que se pierde, sino con la vida que se gana\u00bb\t\t\t\t<\/h6>\n<h5>Gr\u00e1ficas y Carnets  de la Direcci\u00f3n de Atenci\u00f3n Primaria de la Salud del Ministerio de Salud de la Provincia de Salta en formato PDF para imprimir<\/h5>\n<h2>CARNETS<\/h2>\n<p>\t\t\t\t\t\t\t\t\t\t\t\t\t\t\t<img loading=\"lazy\" decoding=\"async\" width=\"1024\" height=\"576\" src=\"https:\/\/direcciondenutricion.salta.gob.ar\/wp-content\/uploads\/2024\/05\/CARNETNINA-1024x576.jpg\" alt=\"\" srcset=\"https:\/\/direcciondenutricion.salta.gob.ar\/wp-content\/uploads\/2024\/05\/CARNETNINA-1024x576.jpg 1024w, https:\/\/direcciondenutricion.salta.gob.ar\/wp-content\/uploads\/2024\/05\/CARNETNINA-300x169.jpg 300w, https:\/\/direcciondenutricion.salta.gob.ar\/wp-content\/uploads\/2024\/05\/CARNETNINA-768x432.jpg 768w, https:\/\/direcciondenutricion.salta.gob.ar\/wp-content\/uploads\/2024\/05\/CARNETNINA.jpg 1280w\" sizes=\"auto, (max-width: 1024px) 100vw, 1024px\" \/><br \/>\n\t\t\t\t\t\t\t\t\t\t\t\t\t\t\t<img loading=\"lazy\" decoding=\"async\" width=\"1024\" height=\"576\" src=\"https:\/\/direcciondenutricion.salta.gob.ar\/wp-content\/uploads\/2024\/05\/CARNETNINO-1024x576.jpg\" alt=\"\" srcset=\"https:\/\/direcciondenutricion.salta.gob.ar\/wp-content\/uploads\/2024\/05\/CARNETNINO-1024x576.jpg 1024w, https:\/\/direcciondenutricion.salta.gob.ar\/wp-content\/uploads\/2024\/05\/CARNETNINO-300x169.jpg 300w, https:\/\/direcciondenutricion.salta.gob.ar\/wp-content\/uploads\/2024\/05\/CARNETNINO-768x432.jpg 768w, https:\/\/direcciondenutricion.salta.gob.ar\/wp-content\/uploads\/2024\/05\/CARNETNINO.jpg 1280w\" sizes=\"auto, (max-width: 1024px) 100vw, 1024px\" \/><br \/>\n\t\t\t\t\t<a href=\"https:\/\/direcciondenutricion.salta.gob.ar\/wp-content\/uploads\/2024\/05\/CarnetNina.pdf\" target=\"_blank\" download=\"\" id=\"carnetni\u00f1a\"><br \/>\n\t\t\t\t\t\t\t\t\tDescarga<br \/>\n\t\t\t\t\t<\/a><br \/>\n\t\t\t\t\t<a href=\"https:\/\/direcciondenutricion.salta.gob.ar\/wp-content\/uploads\/2024\/05\/CarnetNino.pdf\" target=\"_blank\" download=\"\" id=\"carnetni\u00f1o\"><br \/>\n\t\t\t\t\t\t\t\t\tDescarga<br \/>\n\t\t\t\t\t<\/a><br \/>\n\t\t\t\t\t\t\tTODOS LOS NI\u00d1OS TIENEN DERECHO DESDE SU NACIMIENTO A UNA ALIMENTACI\u00d3N ADECUADA, AMOR, RESPETO Y CUIDADOS QUE LE ASEGUREN UN CRECIMIENTO SALUDABLE.<br \/>\n\t\t\t\t\t\t\t<img loading=\"lazy\" decoding=\"async\" width=\"303\" height=\"167\" src=\"https:\/\/direcciondenutricion.salta.gob.ar\/wp-content\/uploads\/2024\/05\/guiasalimentarias.jpg\" alt=\"\" \/>\t\t\t\t\t\t<\/p>\n<h3>GR\u00c1FICAS<\/h3>\n<p>\t\t\t\t\t\t\t\t\t\t\t\t\t\t\t<img loading=\"lazy\" decoding=\"async\" width=\"1280\" height=\"342\" src=\"https:\/\/direcciondenutricion.salta.gob.ar\/wp-content\/uploads\/2024\/05\/F7Ninas02.jpg\" alt=\"\" srcset=\"https:\/\/direcciondenutricion.salta.gob.ar\/wp-content\/uploads\/2024\/05\/F7Ninas02.jpg 1280w, https:\/\/direcciondenutricion.salta.gob.ar\/wp-content\/uploads\/2024\/05\/F7Ninas02-300x80.jpg 300w, https:\/\/direcciondenutricion.salta.gob.ar\/wp-content\/uploads\/2024\/05\/F7Ninas02-1024x274.jpg 1024w, https:\/\/direcciondenutricion.salta.gob.ar\/wp-content\/uploads\/2024\/05\/F7Ninas02-768x205.jpg 768w\" sizes=\"auto, (max-width: 1280px) 100vw, 1280px\" \/><br \/>\n\t\t\t\t\t\t\t\t\t\t\t\t\t\t\t<img loading=\"lazy\" decoding=\"async\" width=\"1024\" height=\"273\" src=\"https:\/\/direcciondenutricion.salta.gob.ar\/wp-content\/uploads\/2024\/05\/F7Ninas26-1024x273.jpg\" alt=\"\" srcset=\"https:\/\/direcciondenutricion.salta.gob.ar\/wp-content\/uploads\/2024\/05\/F7Ninas26-1024x273.jpg 1024w, https:\/\/direcciondenutricion.salta.gob.ar\/wp-content\/uploads\/2024\/05\/F7Ninas26-300x80.jpg 300w, https:\/\/direcciondenutricion.salta.gob.ar\/wp-content\/uploads\/2024\/05\/F7Ninas26-768x205.jpg 768w, https:\/\/direcciondenutricion.salta.gob.ar\/wp-content\/uploads\/2024\/05\/F7Ninas26.jpg 1280w\" sizes=\"auto, (max-width: 1024px) 100vw, 1024px\" \/><br \/>\n\t\t\t\t\t\t\t\t\t\t\t\t\t\t\t<img loading=\"lazy\" decoding=\"async\" width=\"1024\" height=\"269\" src=\"https:\/\/direcciondenutricion.salta.gob.ar\/wp-content\/uploads\/2024\/05\/F7Ninas26IMC-1024x269.jpg\" alt=\"\" srcset=\"https:\/\/direcciondenutricion.salta.gob.ar\/wp-content\/uploads\/2024\/05\/F7Ninas26IMC-1024x269.jpg 1024w, https:\/\/direcciondenutricion.salta.gob.ar\/wp-content\/uploads\/2024\/05\/F7Ninas26IMC-300x79.jpg 300w, https:\/\/direcciondenutricion.salta.gob.ar\/wp-content\/uploads\/2024\/05\/F7Ninas26IMC-768x202.jpg 768w, https:\/\/direcciondenutricion.salta.gob.ar\/wp-content\/uploads\/2024\/05\/F7Ninas26IMC.jpg 1280w\" sizes=\"auto, (max-width: 1024px) 100vw, 1024px\" \/><br \/>\n\t\t\t\t\t<a href=\"https:\/\/direcciondenutricion.salta.gob.ar\/wp-content\/uploads\/2024\/05\/F7Ninas02.pdf\" target=\"_blank\" download=\"\"><br \/>\n\t\t\t\t\t\t\t\t\tdescargar<br \/>\n\t\t\t\t\t<\/a><br \/>\n\t\t\t\t\t<a href=\"https:\/\/direcciondenutricion.salta.gob.ar\/wp-content\/uploads\/2024\/05\/F7Ninas26.pdf\" target=\"_blank\" download=\"\"><br \/>\n\t\t\t\t\t\t\t\t\tdescargar<br \/>\n\t\t\t\t\t<\/a><br \/>\n\t\t\t\t\t<a href=\"https:\/\/direcciondenutricion.salta.gob.ar\/wp-content\/uploads\/2025\/10\/F7Ninas26IMC.pdf\" target=\"_blank\" download=\"\"><br \/>\n\t\t\t\t\t\t\t\t\tdescargar<br \/>\n\t\t\t\t\t<\/a><br \/>\n\t\t\t\t\t\t\t\t\t\t\t\t\t\t\t<img loading=\"lazy\" decoding=\"async\" width=\"1024\" height=\"273\" src=\"https:\/\/direcciondenutricion.salta.gob.ar\/wp-content\/uploads\/2024\/05\/F8Ninos02-1024x273.jpg\" alt=\"\" srcset=\"https:\/\/direcciondenutricion.salta.gob.ar\/wp-content\/uploads\/2024\/05\/F8Ninos02-1024x273.jpg 1024w, https:\/\/direcciondenutricion.salta.gob.ar\/wp-content\/uploads\/2024\/05\/F8Ninos02-300x80.jpg 300w, https:\/\/direcciondenutricion.salta.gob.ar\/wp-content\/uploads\/2024\/05\/F8Ninos02-768x205.jpg 768w, https:\/\/direcciondenutricion.salta.gob.ar\/wp-content\/uploads\/2024\/05\/F8Ninos02.jpg 1262w\" sizes=\"auto, (max-width: 1024px) 100vw, 1024px\" \/><br \/>\n\t\t\t\t\t\t\t\t\t\t\t\t\t\t\t<img loading=\"lazy\" decoding=\"async\" width=\"1024\" height=\"275\" src=\"https:\/\/direcciondenutricion.salta.gob.ar\/wp-content\/uploads\/2024\/05\/F8Ninos26-1024x275.jpg\" alt=\"\" srcset=\"https:\/\/direcciondenutricion.salta.gob.ar\/wp-content\/uploads\/2024\/05\/F8Ninos26-1024x275.jpg 1024w, https:\/\/direcciondenutricion.salta.gob.ar\/wp-content\/uploads\/2024\/05\/F8Ninos26-300x81.jpg 300w, https:\/\/direcciondenutricion.salta.gob.ar\/wp-content\/uploads\/2024\/05\/F8Ninos26-768x207.jpg 768w, https:\/\/direcciondenutricion.salta.gob.ar\/wp-content\/uploads\/2024\/05\/F8Ninos26.jpg 1257w\" sizes=\"auto, (max-width: 1024px) 100vw, 1024px\" \/><br \/>\n\t\t\t\t\t\t\t\t\t\t\t\t\t\t\t<img loading=\"lazy\" decoding=\"async\" width=\"1024\" height=\"274\" src=\"https:\/\/direcciondenutricion.salta.gob.ar\/wp-content\/uploads\/2024\/05\/F8Ninos26IMC-1024x274.jpg\" alt=\"\" srcset=\"https:\/\/direcciondenutricion.salta.gob.ar\/wp-content\/uploads\/2024\/05\/F8Ninos26IMC-1024x274.jpg 1024w, https:\/\/direcciondenutricion.salta.gob.ar\/wp-content\/uploads\/2024\/05\/F8Ninos26IMC-300x80.jpg 300w, https:\/\/direcciondenutricion.salta.gob.ar\/wp-content\/uploads\/2024\/05\/F8Ninos26IMC-768x205.jpg 768w, https:\/\/direcciondenutricion.salta.gob.ar\/wp-content\/uploads\/2024\/05\/F8Ninos26IMC.jpg 1271w\" sizes=\"auto, (max-width: 1024px) 100vw, 1024px\" \/><br \/>\n\t\t\t\t\t<a href=\"https:\/\/direcciondenutricion.salta.gob.ar\/wp-content\/uploads\/2024\/05\/F8Ninos02.pdf\" target=\"_blank\" download=\"\"><br \/>\n\t\t\t\t\t\t\t\t\tdescarga<br \/>\n\t\t\t\t\t<\/a><br \/>\n\t\t\t\t\t<a href=\"https:\/\/direcciondenutricion.salta.gob.ar\/wp-content\/uploads\/2024\/05\/F8Ninos26.pdf\" target=\"_blank\" download=\"\"><br \/>\n\t\t\t\t\t\t\t\t\tdescarga<br \/>\n\t\t\t\t\t<\/a><br \/>\n\t\t\t\t\t<a href=\"https:\/\/direcciondenutricion.salta.gob.ar\/wp-content\/uploads\/2025\/10\/F8Ninos26IMC.pdf\" target=\"_blank\" download=\"\"><br \/>\n\t\t\t\t\t\t\t\t\tdescarga<br \/>\n\t\t\t\t\t<\/a><\/p>\n<h3>Solicitud de f\u00f3rmulas nutricionales<\/h3>\n<p>\t\t\t\t\t\t\t\t\t\t\t\t\t\t\t<img loading=\"lazy\" decoding=\"async\" width=\"789\" height=\"216\" src=\"https:\/\/direcciondenutricion.salta.gob.ar\/wp-content\/uploads\/2025\/05\/REQUISITOS.jpg\" alt=\"Requisitos\" srcset=\"https:\/\/direcciondenutricion.salta.gob.ar\/wp-content\/uploads\/2025\/05\/REQUISITOS.jpg 789w, https:\/\/direcciondenutricion.salta.gob.ar\/wp-content\/uploads\/2025\/05\/REQUISITOS-300x82.jpg 300w, https:\/\/direcciondenutricion.salta.gob.ar\/wp-content\/uploads\/2025\/05\/REQUISITOS-768x210.jpg 768w\" sizes=\"auto, (max-width: 789px) 100vw, 789px\" \/><br \/>\n\t\t\t\t\t\t\t\t\t\t\t\t\t\t\t<img loading=\"lazy\" decoding=\"async\" width=\"789\" height=\"216\" src=\"https:\/\/direcciondenutricion.salta.gob.ar\/wp-content\/uploads\/2025\/05\/FA1.png\" alt=\"Formulario A1\" srcset=\"https:\/\/direcciondenutricion.salta.gob.ar\/wp-content\/uploads\/2025\/05\/FA1.png 789w, https:\/\/direcciondenutricion.salta.gob.ar\/wp-content\/uploads\/2025\/05\/FA1-300x82.png 300w, https:\/\/direcciondenutricion.salta.gob.ar\/wp-content\/uploads\/2025\/05\/FA1-768x210.png 768w\" sizes=\"auto, (max-width: 789px) 100vw, 789px\" \/><br \/>\n\t\t\t\t\t\t\t\t\t\t\t\t\t\t\t<img loading=\"lazy\" decoding=\"async\" width=\"789\" height=\"216\" src=\"https:\/\/direcciondenutricion.salta.gob.ar\/wp-content\/uploads\/2025\/05\/FA2.jpg\" alt=\"Formulario A2\" srcset=\"https:\/\/direcciondenutricion.salta.gob.ar\/wp-content\/uploads\/2025\/05\/FA2.jpg 789w, https:\/\/direcciondenutricion.salta.gob.ar\/wp-content\/uploads\/2025\/05\/FA2-300x82.jpg 300w, https:\/\/direcciondenutricion.salta.gob.ar\/wp-content\/uploads\/2025\/05\/FA2-768x210.jpg 768w\" sizes=\"auto, (max-width: 789px) 100vw, 789px\" \/><br \/>\n\t\t\t\t\t<a href=\"https:\/\/direcciondenutricion.salta.gob.ar\/wp-content\/uploads\/2025\/05\/REQUISITOS.pdf\" target=\"_blank\" download=\"\"><br \/>\n\t\t\t\t\t\t\t\t\tdescarga<br \/>\n\t\t\t\t\t<\/a><br \/>\n\t\t\t\t\t<a href=\"https:\/\/direcciondenutricion.salta.gob.ar\/wp-content\/uploads\/2025\/05\/FORMULARIO-A1.pdf\" target=\"_blank\" download=\"\"><br \/>\n\t\t\t\t\t\t\t\t\tdescarga<br \/>\n\t\t\t\t\t<\/a><br \/>\n\t\t\t\t\t<a href=\"https:\/\/direcciondenutricion.salta.gob.ar\/wp-content\/uploads\/2025\/05\/FORMULARIO-A2.pdf\" target=\"_blank\" download=\"\"><br \/>\n\t\t\t\t\t\t\t\t\tdescarga<br \/>\n\t\t\t\t\t<\/a><\/p>\n","protected":false},"excerpt":{"rendered":"<p>direcci\u00f3n de nutrici\u00f3n y alimentaci\u00f3n saludable \u00abLa nutrici\u00f3n no tiene que ver con el peso que se pierde, sino con la vida que se gana\u00bb Gr\u00e1ficas y Carnets de la Direcci\u00f3n de Atenci\u00f3n Primaria de la Salud del Ministerio de Salud de la Provincia de Salta en formato PDF para imprimir CARNETS Descarga Descarga TODOS [&hellip;]<\/p>\n","protected":false},"author":1,"featured_media":0,"parent":0,"menu_order":0,"comment_status":"closed","ping_status":"closed","template":"","meta":{"site-sidebar-layout":"no-sidebar","site-content-layout":"page-builder","ast-site-content-layout":"full-width-container","site-content-style":"unboxed","site-sidebar-style":"unboxed","ast-global-header-display":"","ast-banner-title-visibility":"","ast-main-header-display":"","ast-hfb-above-header-display":"","ast-hfb-below-header-display":"","ast-hfb-mobile-header-display":"","site-post-title":"disabled","ast-breadcrumbs-content":"","ast-featured-img":"disabled","footer-sml-layout":"","theme-transparent-header-meta":"enabled","adv-header-id-meta":"","stick-header-meta":"","header-above-stick-meta":"","header-main-stick-meta":"","header-below-stick-meta":"","astra-migrate-meta-layouts":"set","ast-page-background-enabled":"default","ast-page-background-meta":{"desktop":{"background-color":"","background-image":"","background-repeat":"repeat","background-position":"center center","background-size":"auto","background-attachment":"scroll","background-type":"","background-media":"","overlay-type":"","overlay-color":"","overlay-opacity":"","overlay-gradient":""},"tablet":{"background-color":"","background-image":"","background-repeat":"repeat","background-position":"center center","background-size":"auto","background-attachment":"scroll","background-type":"","background-media":"","overlay-type":"","overlay-color":"","overlay-opacity":"","overlay-gradient":""},"mobile":{"background-color":"","background-image":"","background-repeat":"repeat","background-position":"center center","background-size":"auto","background-attachment":"scroll","background-type":"","background-media":"","overlay-type":"","overlay-color":"","overlay-opacity":"","overlay-gradient":""}},"ast-content-background-meta":{"desktop":{"background-color":"var(--ast-global-color-5)","background-image":"","background-repeat":"repeat","background-position":"center center","background-size":"auto","background-attachment":"scroll","background-type":"","background-media":"","overlay-type":"","overlay-color":"","overlay-opacity":"","overlay-gradient":""},"tablet":{"background-color":"var(--ast-global-color-5)","background-image":"","background-repeat":"repeat","background-position":"center center","background-size":"auto","background-attachment":"scroll","background-type":"","background-media":"","overlay-type":"","overlay-color":"","overlay-opacity":"","overlay-gradient":""},"mobile":{"background-color":"var(--ast-global-color-5)","background-image":"","background-repeat":"repeat","background-position":"center center","background-size":"auto","background-attachment":"scroll","background-type":"","background-media":"","overlay-type":"","overlay-color":"","overlay-opacity":"","overlay-gradient":""}},"footnotes":""},"class_list":["post-543","page","type-page","status-publish","hentry"],"_links":{"self":[{"href":"https:\/\/direcciondenutricion.salta.gob.ar\/index.php?rest_route=\/wp\/v2\/pages\/543","targetHints":{"allow":["GET"]}}],"collection":[{"href":"https:\/\/direcciondenutricion.salta.gob.ar\/index.php?rest_route=\/wp\/v2\/pages"}],"about":[{"href":"https:\/\/direcciondenutricion.salta.gob.ar\/index.php?rest_route=\/wp\/v2\/types\/page"}],"author":[{"embeddable":true,"href":"https:\/\/direcciondenutricion.salta.gob.ar\/index.php?rest_route=\/wp\/v2\/users\/1"}],"replies":[{"embeddable":true,"href":"https:\/\/direcciondenutricion.salta.gob.ar\/index.php?rest_route=%2Fwp%2Fv2%2Fcomments&post=543"}],"version-history":[{"count":40,"href":"https:\/\/direcciondenutricion.salta.gob.ar\/index.php?rest_route=\/wp\/v2\/pages\/543\/revisions"}],"predecessor-version":[{"id":1447,"href":"https:\/\/direcciondenutricion.salta.gob.ar\/index.php?rest_route=\/wp\/v2\/pages\/543\/revisions\/1447"}],"wp:attachment":[{"href":"https:\/\/direcciondenutricion.salta.gob.ar\/index.php?rest_route=%2Fwp%2Fv2%2Fmedia&parent=543"}],"curies":[{"name":"wp","href":"https:\/\/api.w.org\/{rel}","templated":true}]}}